{"id":10006,"date":"2022-01-14T13:19:31","date_gmt":"2022-01-14T12:19:31","guid":{"rendered":"https:\/\/alcion.com\/?page_id=10006"},"modified":"2024-03-26T13:24:15","modified_gmt":"2024-03-26T12:24:15","slug":"plan-strategique-idi","status":"publish","type":"page","link":"https:\/\/www.alcion.com\/fr\/plan-strategique-idi\/","title":{"rendered":"Plan strat\u00e9gique de R&#038;D&#038;i"},"content":{"rendered":"","protected":false},"excerpt":{"rendered":"","protected":false},"author":3,"featured_media":0,"parent":0,"menu_order":994,"comment_status":"closed","ping_status":"closed","template":"","meta":{"_acf_changed":false,"content-type":"","inline_featured_image":false,"footnotes":""},"class_list":["post-10006","page","type-page","status-publish","hentry"],"acf":[],"yoast_head":"<!-- This site is optimized with the Yoast SEO plugin v27.4 - https:\/\/yoast.com\/product\/yoast-seo-wordpress\/ -->\n<title>Plan strat\u00e9gique R&amp;D&amp;i dans Alcion Packaging Solutions<\/title>\n<meta name=\"description\" content=\"Le plan strat\u00e9gique R&amp;D&amp;i apporte une plus grande valeur ajout\u00e9e \u00e0 APS pour le d\u00e9veloppement et la fabrication de nos emballages plastiques.\" \/>\n<meta name=\"robots\" content=\"index, follow, max-snippet:-1, max-image-preview:large, max-video-preview:-1\" \/>\n<link rel=\"canonical\" href=\"https:\/\/www.alcion.com\/plan-estrategico-idi\/\" \/>\n<meta property=\"og:locale\" content=\"fr_FR\" \/>\n<meta property=\"og:type\" content=\"article\" \/>\n<meta property=\"og:title\" content=\"Plan strat\u00e9gique R&amp;D&amp;i dans Alcion Packaging Solutions\" \/>\n<meta property=\"og:description\" content=\"Le plan strat\u00e9gique R&amp;D&amp;i apporte une plus grande valeur ajout\u00e9e \u00e0 APS pour le d\u00e9veloppement et la fabrication de nos emballages plastiques.\" \/>\n<meta property=\"og:url\" content=\"https:\/\/www.alcion.com\/plan-estrategico-idi\/\" \/>\n<meta property=\"og:site_name\" content=\"Emballage en plastique pour produits industriels\" \/>\n<meta property=\"article:modified_time\" content=\"2024-03-26T12:24:15+00:00\" \/>\n<meta name=\"twitter:card\" content=\"summary_large_image\" \/>\n<script type=\"application\/ld+json\" class=\"yoast-schema-graph\">{\"@context\":\"https:\\\/\\\/schema.org\",\"@graph\":[{\"@type\":\"WebPage\",\"@id\":\"https:\\\/\\\/www.alcion.com\\\/plan-estrategico-idi\\\/\",\"url\":\"https:\\\/\\\/www.alcion.com\\\/plan-estrategico-idi\\\/\",\"name\":\"Plan strat\u00e9gique R&D&i dans Alcion Packaging Solutions\",\"isPartOf\":{\"@id\":\"https:\\\/\\\/www.alcion.com\\\/#website\"},\"datePublished\":\"2022-01-14T12:19:31+00:00\",\"dateModified\":\"2024-03-26T12:24:15+00:00\",\"description\":\"Le plan strat\u00e9gique R&D&i apporte une plus grande valeur ajout\u00e9e \u00e0 APS pour le d\u00e9veloppement et la fabrication de nos emballages plastiques.\",\"inLanguage\":\"fr-FR\",\"potentialAction\":[{\"@type\":\"ReadAction\",\"target\":[\"https:\\\/\\\/www.alcion.com\\\/plan-estrategico-idi\\\/\"]}]},{\"@type\":\"WebSite\",\"@id\":\"https:\\\/\\\/www.alcion.com\\\/#website\",\"url\":\"https:\\\/\\\/www.alcion.com\\\/\",\"name\":\"ALCION. F\u00e1brica de Envases de Pl\u00e1stico\",\"description\":\"Fabricant d\u2019emballages en plastique et bouchages pour produits industriels. Sp\u00e9cialistes d\u2019emballage avec couche barri\u00e8re.\",\"publisher\":{\"@id\":\"https:\\\/\\\/www.alcion.com\\\/#organization\"},\"potentialAction\":[{\"@type\":\"SearchAction\",\"target\":{\"@type\":\"EntryPoint\",\"urlTemplate\":\"https:\\\/\\\/www.alcion.com\\\/?s={search_term_string}\"},\"query-input\":{\"@type\":\"PropertyValueSpecification\",\"valueRequired\":true,\"valueName\":\"search_term_string\"}}],\"inLanguage\":\"fr-FR\"},{\"@type\":\"Organization\",\"@id\":\"https:\\\/\\\/www.alcion.com\\\/#organization\",\"name\":\"ALCION. F\u00e1brica de Envases de Pl\u00e1stico\",\"url\":\"https:\\\/\\\/www.alcion.com\\\/\",\"logo\":{\"@type\":\"ImageObject\",\"inLanguage\":\"fr-FR\",\"@id\":\"https:\\\/\\\/www.alcion.com\\\/#\\\/schema\\\/logo\\\/image\\\/\",\"url\":\"https:\\\/\\\/www.alcion.com\\\/wp-content\\\/uploads\\\/2022\\\/02\\\/alcion-logo.png\",\"contentUrl\":\"https:\\\/\\\/www.alcion.com\\\/wp-content\\\/uploads\\\/2022\\\/02\\\/alcion-logo.png\",\"width\":364,\"height\":102,\"caption\":\"ALCION. F\u00e1brica de Envases de Pl\u00e1stico\"},\"image\":{\"@id\":\"https:\\\/\\\/www.alcion.com\\\/#\\\/schema\\\/logo\\\/image\\\/\"}}]}<\/script>\n<!-- \/ Yoast SEO plugin. -->","yoast_head_json":{"title":"Plan strat\u00e9gique R&D&i dans Alcion Packaging Solutions","description":"Le plan strat\u00e9gique R&D&i apporte une plus grande valeur ajout\u00e9e \u00e0 APS pour le d\u00e9veloppement et la fabrication de nos emballages plastiques.","robots":{"index":"index","follow":"follow","max-snippet":"max-snippet:-1","max-image-preview":"max-image-preview:large","max-video-preview":"max-video-preview:-1"},"canonical":"https:\/\/www.alcion.com\/plan-estrategico-idi\/","og_locale":"fr_FR","og_type":"article","og_title":"Plan strat\u00e9gique R&D&i dans Alcion Packaging Solutions","og_description":"Le plan strat\u00e9gique R&D&i apporte une plus grande valeur ajout\u00e9e \u00e0 APS pour le d\u00e9veloppement et la fabrication de nos emballages plastiques.","og_url":"https:\/\/www.alcion.com\/plan-estrategico-idi\/","og_site_name":"Emballage en plastique pour produits industriels","article_modified_time":"2024-03-26T12:24:15+00:00","twitter_card":"summary_large_image","schema":{"@context":"https:\/\/schema.org","@graph":[{"@type":"WebPage","@id":"https:\/\/www.alcion.com\/plan-estrategico-idi\/","url":"https:\/\/www.alcion.com\/plan-estrategico-idi\/","name":"Plan strat\u00e9gique R&D&i dans Alcion Packaging Solutions","isPartOf":{"@id":"https:\/\/www.alcion.com\/#website"},"datePublished":"2022-01-14T12:19:31+00:00","dateModified":"2024-03-26T12:24:15+00:00","description":"Le plan strat\u00e9gique R&D&i apporte une plus grande valeur ajout\u00e9e \u00e0 APS pour le d\u00e9veloppement et la fabrication de nos emballages plastiques.","inLanguage":"fr-FR","potentialAction":[{"@type":"ReadAction","target":["https:\/\/www.alcion.com\/plan-estrategico-idi\/"]}]},{"@type":"WebSite","@id":"https:\/\/www.alcion.com\/#website","url":"https:\/\/www.alcion.com\/","name":"ALCION. F\u00e1brica de Envases de Pl\u00e1stico","description":"Fabricant d\u2019emballages en plastique et bouchages pour produits industriels. Sp\u00e9cialistes d\u2019emballage avec couche barri\u00e8re.","publisher":{"@id":"https:\/\/www.alcion.com\/#organization"},"potentialAction":[{"@type":"SearchAction","target":{"@type":"EntryPoint","urlTemplate":"https:\/\/www.alcion.com\/?s={search_term_string}"},"query-input":{"@type":"PropertyValueSpecification","valueRequired":true,"valueName":"search_term_string"}}],"inLanguage":"fr-FR"},{"@type":"Organization","@id":"https:\/\/www.alcion.com\/#organization","name":"ALCION. F\u00e1brica de Envases de Pl\u00e1stico","url":"https:\/\/www.alcion.com\/","logo":{"@type":"ImageObject","inLanguage":"fr-FR","@id":"https:\/\/www.alcion.com\/#\/schema\/logo\/image\/","url":"https:\/\/www.alcion.com\/wp-content\/uploads\/2022\/02\/alcion-logo.png","contentUrl":"https:\/\/www.alcion.com\/wp-content\/uploads\/2022\/02\/alcion-logo.png","width":364,"height":102,"caption":"ALCION. F\u00e1brica de Envases de Pl\u00e1stico"},"image":{"@id":"https:\/\/www.alcion.com\/#\/schema\/logo\/image\/"}}]}},"_links":{"self":[{"href":"https:\/\/www.alcion.com\/fr\/wp-json\/wp\/v2\/pages\/10006","targetHints":{"allow":["GET"]}}],"collection":[{"href":"https:\/\/www.alcion.com\/fr\/wp-json\/wp\/v2\/pages"}],"about":[{"href":"https:\/\/www.alcion.com\/fr\/wp-json\/wp\/v2\/types\/page"}],"author":[{"embeddable":true,"href":"https:\/\/www.alcion.com\/fr\/wp-json\/wp\/v2\/users\/3"}],"replies":[{"embeddable":true,"href":"https:\/\/www.alcion.com\/fr\/wp-json\/wp\/v2\/comments?post=10006"}],"version-history":[{"count":3,"href":"https:\/\/www.alcion.com\/fr\/wp-json\/wp\/v2\/pages\/10006\/revisions"}],"predecessor-version":[{"id":11965,"href":"https:\/\/www.alcion.com\/fr\/wp-json\/wp\/v2\/pages\/10006\/revisions\/11965"}],"wp:attachment":[{"href":"https:\/\/www.alcion.com\/fr\/wp-json\/wp\/v2\/media?parent=10006"}],"curies":[{"name":"wp","href":"https:\/\/api.w.org\/{rel}","templated":true}]}}